{"id":6,"date":"2025-10-26T14:25:56","date_gmt":"2025-10-26T13:25:56","guid":{"rendered":"https:\/\/plugins.thomaszwirner.de\/?page_id=6"},"modified":"2026-01-03T12:20:58","modified_gmt":"2026-01-03T11:20:58","slug":"about-me","status":"publish","type":"page","link":"https:\/\/plugins.thomaszwirner.de\/en\/about-me\/","title":{"rendered":"About me"},"content":{"rendered":"<p>Even in my youth, I taught myself HTML and CSS - languages that I like to call my other mother tongues alongside Saxon. My first website went online in 1995, where I presented my hobbies and interests at the time. As an enthusiastic science enthusiast and Trekkie, I also found my way into web development professionally.<\/p>\n\n\n\n<p>After various experiences with different CMS, I discovered WordPress in 2012 and have appreciated its flexibility and user-friendliness ever since. With perseverance, calmness and a keen sense for user-oriented solutions, I have since developed numerous plugins and projects. I am also actively involved in the community - including as a moderator in the <a href=\"https:\/\/de.wordpress.org\/support\/forums\/\">German<\/a>- and <a href=\"https:\/\/wordpress.org\/support\/forums\/\">English language support forums<\/a> from WordPress.org.<\/p>\n\n\n\n<p class=\"has-text-align-right has-fasthand-font-family has-x-large-font-size\">Thomas Zwirner<\/p>\n\n\n<h2 class=\"wp-block-heading\" id=\"andere-projekte\">Other projects<\/h2>\n\n\n<p>Please also have a look at my website <a href=\"https:\/\/aktuelle-naturkatastrophen.info\">https:\/\/aktuelle-naturkatastrophen.info<\/a> over. Natural disasters around the world are described here, of which little is known in Germany, but which nevertheless complete the picture of the climate change taking place worldwide.<\/p>\n\n\n\n<p>And of course there is <a href=\"https:\/\/www.thomaszwirner.de\">my private website<\/a> where you can find more information about me.<\/p>\n\n\n<h2 class=\"wp-block-heading\" id=\"projektanfragen\">Project inquiries<\/h2>\n\n\n<p>Would you like to have a customized plugin created? Please get in touch with us: <a href=\"https:\/\/laolaweb.com\">https:\/\/laolaweb.com<\/a><\/p>\n\n\n<h2 class=\"wp-block-heading\" id=\"fehler-gefunden\">Found an error?<\/h2>\n\n\n<p>You are welcome to contact me about spelling mistakes or other anomalies on this website. The best way to do this is via social media, e.g. <a href=\"https:\/\/mastodon.social\/@threadi\">in the Fediverse<\/a>.<\/p>","protected":false},"excerpt":{"rendered":"<p>Even in my youth, I taught myself HTML and CSS - languages that I like to call my other mother tongues alongside Saxon. My first website went online in 1995, where I presented my hobbies and interests at the time. As an enthusiastic science enthusiast and Trekkie, I also found my way into web development professionally. After [...]<\/p>","protected":false},"author":1,"featured_media":0,"parent":0,"menu_order":0,"comment_status":"closed","ping_status":"closed","template":"","meta":{"_acf_changed":false,"footnotes":""},"class_list":["post-6","page","type-page","status-publish","hentry"],"acf":[],"yoast_head":"<!-- This site is optimized with the Yoast SEO plugin v26.7 - https:\/\/yoast.com\/wordpress\/plugins\/seo\/ -->\n<title>\u00dcber mich - WordPress Plugins von Thomas Zwirner<\/title>\n<meta name=\"robots\" content=\"index, follow, max-snippet:-1, max-image-preview:large, max-video-preview:-1\" \/>\n<link rel=\"canonical\" href=\"https:\/\/plugins.thomaszwirner.de\/en\/about-me\/\" \/>\n<meta property=\"og:locale\" content=\"en_US\" \/>\n<meta property=\"og:type\" content=\"article\" \/>\n<meta property=\"og:title\" content=\"\u00dcber mich - WordPress Plugins von Thomas Zwirner\" \/>\n<meta property=\"og:description\" content=\"Schon in meiner Jugend brachte ich mir HTML und CSS selbst bei &#8211; Sprachen, die ich neben S\u00e4chsisch gern als meine weiteren Muttersprachen bezeichne. Bereits 1995 ging meine erste Website online, auf der ich meine damaligen Hobbys und Interessen pr\u00e4sentierte. Als begeisterter Science-Enthusiast und Trekkie fand ich auch beruflich meinen Weg in die Webentwicklung. Nach [&hellip;]\" \/>\n<meta property=\"og:url\" content=\"https:\/\/plugins.thomaszwirner.de\/en\/about-me\/\" \/>\n<meta property=\"og:site_name\" content=\"WordPress Plugins von Thomas Zwirner\" \/>\n<meta property=\"article:modified_time\" content=\"2026-01-03T11:20:58+00:00\" \/>\n<meta name=\"twitter:card\" content=\"summary_large_image\" \/>\n<meta name=\"twitter:label1\" content=\"Est. reading time\" \/>\n\t<meta name=\"twitter:data1\" content=\"2 minutes\" \/>\n<script type=\"application\/ld+json\" class=\"yoast-schema-graph\">{\"@context\":\"https:\/\/schema.org\",\"@graph\":[{\"@type\":\"WebPage\",\"@id\":\"https:\/\/plugins.thomaszwirner.de\/ueber-mich\/\",\"url\":\"https:\/\/plugins.thomaszwirner.de\/ueber-mich\/\",\"name\":\"\u00dcber mich - WordPress Plugins von Thomas Zwirner\",\"isPartOf\":{\"@id\":\"https:\/\/plugins.thomaszwirner.de\/#website\"},\"datePublished\":\"2025-10-26T13:25:56+00:00\",\"dateModified\":\"2026-01-03T11:20:58+00:00\",\"breadcrumb\":{\"@id\":\"https:\/\/plugins.thomaszwirner.de\/ueber-mich\/#breadcrumb\"},\"inLanguage\":\"en-US\",\"potentialAction\":[{\"@type\":\"ReadAction\",\"target\":[\"https:\/\/plugins.thomaszwirner.de\/ueber-mich\/\"]}],\"mainEntity\":{\"@type\":\"Question\",\"name\":\"\u00dcber mich\",\"answerCount\":1,\"datePublished\":\"2025-10-26T14:25+01:00\",\"text\":\"Schon in meiner Jugend brachte ich mir HTML und CSS selbst bei &#8211; Sprachen, die ich neben S\u00e4chsisch gern als meine weiteren Muttersprachen bezeichne. Bereits 1995 ging meine erste Website online, auf der ich meine damaligen Hobbys und Interessen pr\u00e4sentierte. Als begeisterter Science-Enthusiast und Trekkie fand ich auch beruflich meinen Weg in die Webentwicklung. Nach [&hellip;]\",\"author\":{\"@type\":\"Person\",\"name\":\"Thomas Zwirner\",\"url\":\"https:\/\/plugins.thomaszwirner.de\"},\"acceptedAnswer\":{\"@type\":\"Answer\",\"text\":\"Schon in meiner Jugend brachte ich mir HTML und CSS selbst bei - Sprachen, die ich neben S\u00e4chsisch gern als meine weiteren Muttersprachen bezeichne. Bereits 1995 ging meine erste Website online, auf der ich meine damaligen Hobbys und Interessen pr\u00e4sentierte. Als begeisterter Science-Enthusiast und Trekkie fand ich auch beruflich meinen Weg in die Webentwicklung.\\n\\n\\n\\nNach vielf\u00e4ltigen Erfahrungen mit unterschiedlichen CMS entdeckte ich 2012 WordPress f\u00fcr mich und sch\u00e4tze seither dessen Flexibilit\u00e4t und Benutzerfreundlichkeit. Mit Ausdauer, Ruhe und einem ausgepr\u00e4gten Sinn f\u00fcr benutzerorientierte L\u00f6sungen entwickle ich seither zahlreiche Plugins und Projekte. Zudem engagiere ich mich aktiv in der Community - unter anderem als Moderator in den deutsch- und englischsprachigen Supportforen von WordPress.org.\\n\\n\\n\\nThomas Zwirner\\n\\n\\n\\nAndere Projekte\\n\\n\\n\\nSchaut gerne auch mal bei meiner Website https:\/\/aktuelle-naturkatastrophen.info vorbei. Hier werden Naturkatastrophen weltweit beschrieben von denen man in Deutschland wenig mitbekommt, die aber doch das Bild \u00fcber den weltweit stattfindenden Klimawandel vervollst\u00e4ndigen.\\n\\n\\n\\nUnd nat\u00fcrlich ist da noch meine private Website auf der ihr noch mehr Informationen zu mir finden k\u00f6nnt.\\n\\n\\n\\nProjektanfragen\\n\\n\\n\\nM\u00f6chtet ihr euch ein individuelles Plugin erstellen lassen? Meldet euch gerne bei uns: https:\/\/laolaweb.com\\n\\n\\n\\nFehler gefunden?\\n\\n\\n\\nGerne k\u00f6nnt ihr mich z.B. zu Schreibfehlern oder anderen Auff\u00e4lligkeiten in dieser Website kontaktieren. Am Besten geht das per Social Media, wie z.B. im Fediverse.\",\"datePublished\":\"2025-10-26T14:25+01:00\",\"url\":\"https:\/\/plugins.thomaszwirner.de\/en\/about-me\/\",\"upvoteCount\":1,\"author\":{\"@type\":\"Person\",\"name\":\"Thomas Zwirner\",\"url\":\"https:\/\/plugins.thomaszwirner.de\"}},\"suggestedAnswer\":{\"@type\":\"Answer\",\"text\":\"Schon in meiner Jugend brachte ich mir HTML und CSS selbst bei - Sprachen, die ich neben S\u00e4chsisch gern als meine weiteren Muttersprachen bezeichne. Bereits 1995 ging meine erste Website online, auf der ich meine damaligen Hobbys und Interessen pr\u00e4sentierte. Als begeisterter Science-Enthusiast und Trekkie fand ich auch beruflich meinen Weg in die Webentwicklung.\\n\\n\\n\\nNach vielf\u00e4ltigen Erfahrungen mit unterschiedlichen CMS entdeckte ich 2012 WordPress f\u00fcr mich und sch\u00e4tze seither dessen Flexibilit\u00e4t und Benutzerfreundlichkeit. Mit Ausdauer, Ruhe und einem ausgepr\u00e4gten Sinn f\u00fcr benutzerorientierte L\u00f6sungen entwickle ich seither zahlreiche Plugins und Projekte. Zudem engagiere ich mich aktiv in der Community - unter anderem als Moderator in den deutsch- und englischsprachigen Supportforen von WordPress.org.\\n\\n\\n\\nThomas Zwirner\\n\\n\\n\\nAndere Projekte\\n\\n\\n\\nSchaut gerne auch mal bei meiner Website https:\/\/aktuelle-naturkatastrophen.info vorbei. Hier werden Naturkatastrophen weltweit beschrieben von denen man in Deutschland wenig mitbekommt, die aber doch das Bild \u00fcber den weltweit stattfindenden Klimawandel vervollst\u00e4ndigen.\\n\\n\\n\\nUnd nat\u00fcrlich ist da noch meine private Website auf der ihr noch mehr Informationen zu mir finden k\u00f6nnt.\\n\\n\\n\\nProjektanfragen\\n\\n\\n\\nM\u00f6chtet ihr euch ein individuelles Plugin erstellen lassen? Meldet euch gerne bei uns: https:\/\/laolaweb.com\\n\\n\\n\\nFehler gefunden?\\n\\n\\n\\nGerne k\u00f6nnt ihr mich z.B. zu Schreibfehlern oder anderen Auff\u00e4lligkeiten in dieser Website kontaktieren. Am Besten geht das per Social Media, wie z.B. im Fediverse.\",\"datePublished\":\"2025-10-26T14:25+01:00\",\"url\":\"https:\/\/plugins.thomaszwirner.de\/en\/about-me\/\",\"upvoteCount\":1,\"author\":{\"@type\":\"Person\",\"name\":\"Thomas Zwirner\",\"url\":\"https:\/\/plugins.thomaszwirner.de\"}}}},{\"@type\":\"BreadcrumbList\",\"@id\":\"https:\/\/plugins.thomaszwirner.de\/ueber-mich\/#breadcrumb\",\"itemListElement\":[{\"@type\":\"ListItem\",\"position\":1,\"name\":\"Startseite\",\"item\":\"https:\/\/plugins.thomaszwirner.de\/\"},{\"@type\":\"ListItem\",\"position\":2,\"name\":\"\u00dcber mich\"}]},{\"@type\":\"WebSite\",\"@id\":\"https:\/\/plugins.thomaszwirner.de\/#website\",\"url\":\"https:\/\/plugins.thomaszwirner.de\/\",\"name\":\"WordPress Plugins von Thomas Zwirner\",\"description\":\"\",\"publisher\":{\"@id\":\"https:\/\/plugins.thomaszwirner.de\/#\/schema\/person\/4dff08a99a879985211dc98128cb9140\"},\"potentialAction\":[{\"@type\":\"SearchAction\",\"target\":{\"@type\":\"EntryPoint\",\"urlTemplate\":\"https:\/\/plugins.thomaszwirner.de\/?s={search_term_string}\"},\"query-input\":{\"@type\":\"PropertyValueSpecification\",\"valueRequired\":true,\"valueName\":\"search_term_string\"}}],\"inLanguage\":\"en-US\"},{\"@type\":[\"Person\",\"Organization\"],\"@id\":\"https:\/\/plugins.thomaszwirner.de\/#\/schema\/person\/4dff08a99a879985211dc98128cb9140\",\"name\":\"Thomas Zwirner\",\"logo\":{\"@id\":\"https:\/\/plugins.thomaszwirner.de\/#\/schema\/person\/image\/\"},\"sameAs\":[\"https:\/\/www.thomaszwirner.de\"]}]}<\/script>\n<!-- \/ Yoast SEO plugin. -->","yoast_head_json":{"title":"About me - WordPress plugins by Thomas Zwirner","robots":{"index":"index","follow":"follow","max-snippet":"max-snippet:-1","max-image-preview":"max-image-preview:large","max-video-preview":"max-video-preview:-1"},"canonical":"https:\/\/plugins.thomaszwirner.de\/en\/about-me\/","og_locale":"en_US","og_type":"article","og_title":"\u00dcber mich - WordPress Plugins von Thomas Zwirner","og_description":"Schon in meiner Jugend brachte ich mir HTML und CSS selbst bei &#8211; Sprachen, die ich neben S\u00e4chsisch gern als meine weiteren Muttersprachen bezeichne. Bereits 1995 ging meine erste Website online, auf der ich meine damaligen Hobbys und Interessen pr\u00e4sentierte. Als begeisterter Science-Enthusiast und Trekkie fand ich auch beruflich meinen Weg in die Webentwicklung. Nach [&hellip;]","og_url":"https:\/\/plugins.thomaszwirner.de\/en\/about-me\/","og_site_name":"WordPress Plugins von Thomas Zwirner","article_modified_time":"2026-01-03T11:20:58+00:00","twitter_card":"summary_large_image","twitter_misc":{"Est. reading time":"2 minutes"},"schema":{"@context":"https:\/\/schema.org","@graph":[{"@type":"WebPage","@id":"https:\/\/plugins.thomaszwirner.de\/ueber-mich\/","url":"https:\/\/plugins.thomaszwirner.de\/ueber-mich\/","name":"About me - WordPress plugins by Thomas Zwirner","isPartOf":{"@id":"https:\/\/plugins.thomaszwirner.de\/#website"},"datePublished":"2025-10-26T13:25:56+00:00","dateModified":"2026-01-03T11:20:58+00:00","breadcrumb":{"@id":"https:\/\/plugins.thomaszwirner.de\/ueber-mich\/#breadcrumb"},"inLanguage":"en-US","potentialAction":[{"@type":"ReadAction","target":["https:\/\/plugins.thomaszwirner.de\/ueber-mich\/"]}],"mainEntity":{"@type":"Question","name":"\u00dcber mich","answerCount":1,"datePublished":"2025-10-26T14:25+01:00","text":"Schon in meiner Jugend brachte ich mir HTML und CSS selbst bei &#8211; Sprachen, die ich neben S\u00e4chsisch gern als meine weiteren Muttersprachen bezeichne. Bereits 1995 ging meine erste Website online, auf der ich meine damaligen Hobbys und Interessen pr\u00e4sentierte. Als begeisterter Science-Enthusiast und Trekkie fand ich auch beruflich meinen Weg in die Webentwicklung. Nach [&hellip;]","author":{"@type":"Person","name":"Thomas Zwirner","url":"https:\/\/plugins.thomaszwirner.de"},"acceptedAnswer":{"@type":"Answer","text":"Schon in meiner Jugend brachte ich mir HTML und CSS selbst bei - Sprachen, die ich neben S\u00e4chsisch gern als meine weiteren Muttersprachen bezeichne. Bereits 1995 ging meine erste Website online, auf der ich meine damaligen Hobbys und Interessen pr\u00e4sentierte. Als begeisterter Science-Enthusiast und Trekkie fand ich auch beruflich meinen Weg in die Webentwicklung.\n\n\n\nNach vielf\u00e4ltigen Erfahrungen mit unterschiedlichen CMS entdeckte ich 2012 WordPress f\u00fcr mich und sch\u00e4tze seither dessen Flexibilit\u00e4t und Benutzerfreundlichkeit. Mit Ausdauer, Ruhe und einem ausgepr\u00e4gten Sinn f\u00fcr benutzerorientierte L\u00f6sungen entwickle ich seither zahlreiche Plugins und Projekte. Zudem engagiere ich mich aktiv in der Community - unter anderem als Moderator in den deutsch- und englischsprachigen Supportforen von WordPress.org.\n\n\n\nThomas Zwirner\n\n\n\nAndere Projekte\n\n\n\nSchaut gerne auch mal bei meiner Website https:\/\/aktuelle-naturkatastrophen.info vorbei. Hier werden Naturkatastrophen weltweit beschrieben von denen man in Deutschland wenig mitbekommt, die aber doch das Bild \u00fcber den weltweit stattfindenden Klimawandel vervollst\u00e4ndigen.\n\n\n\nUnd nat\u00fcrlich ist da noch meine private Website auf der ihr noch mehr Informationen zu mir finden k\u00f6nnt.\n\n\n\nProjektanfragen\n\n\n\nM\u00f6chtet ihr euch ein individuelles Plugin erstellen lassen? Meldet euch gerne bei uns: https:\/\/laolaweb.com\n\n\n\nFehler gefunden?\n\n\n\nGerne k\u00f6nnt ihr mich z.B. zu Schreibfehlern oder anderen Auff\u00e4lligkeiten in dieser Website kontaktieren. Am Besten geht das per Social Media, wie z.B. im Fediverse.","datePublished":"2025-10-26T14:25+01:00","url":"https:\/\/plugins.thomaszwirner.de\/en\/about-me\/","upvoteCount":1,"author":{"@type":"Person","name":"Thomas Zwirner","url":"https:\/\/plugins.thomaszwirner.de"}},"suggestedAnswer":{"@type":"Answer","text":"Schon in meiner Jugend brachte ich mir HTML und CSS selbst bei - Sprachen, die ich neben S\u00e4chsisch gern als meine weiteren Muttersprachen bezeichne. Bereits 1995 ging meine erste Website online, auf der ich meine damaligen Hobbys und Interessen pr\u00e4sentierte. Als begeisterter Science-Enthusiast und Trekkie fand ich auch beruflich meinen Weg in die Webentwicklung.\n\n\n\nNach vielf\u00e4ltigen Erfahrungen mit unterschiedlichen CMS entdeckte ich 2012 WordPress f\u00fcr mich und sch\u00e4tze seither dessen Flexibilit\u00e4t und Benutzerfreundlichkeit. Mit Ausdauer, Ruhe und einem ausgepr\u00e4gten Sinn f\u00fcr benutzerorientierte L\u00f6sungen entwickle ich seither zahlreiche Plugins und Projekte. Zudem engagiere ich mich aktiv in der Community - unter anderem als Moderator in den deutsch- und englischsprachigen Supportforen von WordPress.org.\n\n\n\nThomas Zwirner\n\n\n\nAndere Projekte\n\n\n\nSchaut gerne auch mal bei meiner Website https:\/\/aktuelle-naturkatastrophen.info vorbei. Hier werden Naturkatastrophen weltweit beschrieben von denen man in Deutschland wenig mitbekommt, die aber doch das Bild \u00fcber den weltweit stattfindenden Klimawandel vervollst\u00e4ndigen.\n\n\n\nUnd nat\u00fcrlich ist da noch meine private Website auf der ihr noch mehr Informationen zu mir finden k\u00f6nnt.\n\n\n\nProjektanfragen\n\n\n\nM\u00f6chtet ihr euch ein individuelles Plugin erstellen lassen? Meldet euch gerne bei uns: https:\/\/laolaweb.com\n\n\n\nFehler gefunden?\n\n\n\nGerne k\u00f6nnt ihr mich z.B. zu Schreibfehlern oder anderen Auff\u00e4lligkeiten in dieser Website kontaktieren. Am Besten geht das per Social Media, wie z.B. im Fediverse.","datePublished":"2025-10-26T14:25+01:00","url":"https:\/\/plugins.thomaszwirner.de\/en\/about-me\/","upvoteCount":1,"author":{"@type":"Person","name":"Thomas Zwirner","url":"https:\/\/plugins.thomaszwirner.de"}}}},{"@type":"BreadcrumbList","@id":"https:\/\/plugins.thomaszwirner.de\/ueber-mich\/#breadcrumb","itemListElement":[{"@type":"ListItem","position":1,"name":"Startseite","item":"https:\/\/plugins.thomaszwirner.de\/"},{"@type":"ListItem","position":2,"name":"\u00dcber mich"}]},{"@type":"WebSite","@id":"https:\/\/plugins.thomaszwirner.de\/#website","url":"https:\/\/plugins.thomaszwirner.de\/","name":"WordPress Plugins from Thomas Zwirner","description":"","publisher":{"@id":"https:\/\/plugins.thomaszwirner.de\/#\/schema\/person\/4dff08a99a879985211dc98128cb9140"},"potentialAction":[{"@type":"SearchAction","target":{"@type":"EntryPoint","urlTemplate":"https:\/\/plugins.thomaszwirner.de\/?s={search_term_string}"},"query-input":{"@type":"PropertyValueSpecification","valueRequired":true,"valueName":"search_term_string"}}],"inLanguage":"en-US"},{"@type":["Person","Organization"],"@id":"https:\/\/plugins.thomaszwirner.de\/#\/schema\/person\/4dff08a99a879985211dc98128cb9140","name":"Thomas Zwirner","logo":{"@id":"https:\/\/plugins.thomaszwirner.de\/#\/schema\/person\/image\/"},"sameAs":["https:\/\/www.thomaszwirner.de"]}]}},"_links":{"self":[{"href":"https:\/\/plugins.thomaszwirner.de\/en\/wp-json\/wp\/v2\/pages\/6","targetHints":{"allow":["GET"]}}],"collection":[{"href":"https:\/\/plugins.thomaszwirner.de\/en\/wp-json\/wp\/v2\/pages"}],"about":[{"href":"https:\/\/plugins.thomaszwirner.de\/en\/wp-json\/wp\/v2\/types\/page"}],"author":[{"embeddable":true,"href":"https:\/\/plugins.thomaszwirner.de\/en\/wp-json\/wp\/v2\/users\/1"}],"replies":[{"embeddable":true,"href":"https:\/\/plugins.thomaszwirner.de\/en\/wp-json\/wp\/v2\/comments?post=6"}],"version-history":[{"count":6,"href":"https:\/\/plugins.thomaszwirner.de\/en\/wp-json\/wp\/v2\/pages\/6\/revisions"}],"predecessor-version":[{"id":772,"href":"https:\/\/plugins.thomaszwirner.de\/en\/wp-json\/wp\/v2\/pages\/6\/revisions\/772"}],"wp:attachment":[{"href":"https:\/\/plugins.thomaszwirner.de\/en\/wp-json\/wp\/v2\/media?parent=6"}],"curies":[{"name":"wp","href":"https:\/\/api.w.org\/{rel}","templated":true}]}}